{"id":946,"date":"2024-02-13T16:50:18","date_gmt":"2024-02-13T15:50:18","guid":{"rendered":"https:\/\/appligoutte.io\/?page_id=946"},"modified":"2026-03-06T10:24:27","modified_gmt":"2026-03-06T09:24:27","slug":"cgu","status":"publish","type":"page","link":"https:\/\/appligoutte.io\/index.php\/cgu\/","title":{"rendered":"CGU"},"content":{"rendered":"\t\t<div data-elementor-type=\"wp-page\" data-elementor-id=\"946\" class=\"elementor elementor-946\">\n\t\t\t\t<div class=\"elementor-element elementor-element-75cc69ea e-flex e-con-boxed e-con e-parent\" data-id=\"75cc69ea\" data-element_type=\"container\" data-e-type=\"container\">\n\t\t\t\t\t<div class=\"e-con-inner\">\n\t\t\t\t<div class=\"elementor-element elementor-element-278df8f1 elementor-widget elementor-widget-text-editor\" data-id=\"278df8f1\" data-element_type=\"widget\" data-e-type=\"widget\" data-widget_type=\"text-editor.default\">\n\t\t\t\t<div class=\"elementor-widget-container\">\n\t\t\t\t\t\t\t\t\t\n<div class=\"wp-block-group alignfull has-custom-black-100-color has-custom-background-10-background-color has-text-color has-background has-link-color wp-elements-c0559ff06e4355300a8d435da5a98a87 is-vertical is-content-justification-center is-layout-flex wp-container-core-group-is-layout-bc07c4df wp-block-group-is-layout-flex\" style=\"padding-top:var(--wp--preset--spacing--50);padding-right:var(--wp--preset--spacing--50);padding-bottom:var(--wp--preset--spacing--50);padding-left:var(--wp--preset--spacing--50)\">\n<div class=\"wp-block-columns is-layout-flex wp-container-core-columns-is-layout-28f84493 wp-block-columns-is-layout-flex\">\n<div class=\"wp-block-column is-layout-flow wp-block-column-is-layout-flow\">\n<div class=\"wp-block-columns is-layout-flex wp-container-core-columns-is-layout-28f84493 wp-block-columns-is-layout-flex\">\n<div class=\"wp-block-column is-layout-flow wp-block-column-is-layout-flow\">\n<div class=\"wp-block-columns is-layout-flex wp-container-core-columns-is-layout-28f84493 wp-block-columns-is-layout-flex\">\n<div class=\"wp-block-column is-layout-flow wp-block-column-is-layout-flow\" style=\"flex-basis:10%\"><\/div>\n\n\n\n<div class=\"wp-block-column is-layout-flow wp-block-column-is-layout-flow\" style=\"flex-basis:80%\">\n<h4 class=\"wp-block-heading has-text-align-left\"><strong>Conditions g\u00e9n\u00e9rales d&rsquo;utilisation <\/strong><\/h4>\n\n\n\n<p class=\"has-text-align-left\"><strong>1. Pr\u00e9ambule<\/strong><\/p>\n\n\n\n<p>Les pr\u00e9sentes Conditions G\u00e9n\u00e9rales d\u2019Utilisation (ci-apr\u00e8s \u00ab CGU \u00bb) ont pour objet de d\u00e9finir les modalit\u00e9s et conditions d\u2019utilisation de l\u2019application mobile AppliGoutte (ci-apr\u00e8s \u00ab l\u2019Application \u00bb), \u00e9dit\u00e9e par Rheuma Care, SAS au capital de 15 000 \u20ac, immatricul\u00e9e au RCS de Paris sous le num\u00e9ro 951 171 990, dont le si\u00e8ge social est situ\u00e9 65 rue de Lancry. 75010 Paris (ci-apr\u00e8s \u00ab l\u2019\u00c9diteur \u00bb).<\/p>\n\n\n\n<p>L\u2019Application est destin\u00e9e aux patients et s\u2019inscrit dans un mod\u00e8le B2C (Business to Consumer).<\/p>\n\n\n\n<p>L\u2019Application constitue un dispositif m\u00e9dical de classe I, au sens du R\u00e8glement (UE) 2017\/745 relatif aux dispositifs m\u00e9dicaux. Elle est destin\u00e9e \u00e0 aider les personnes atteintes de goutte \u00e0 mieux comprendre leur maladie, les traitements et le parcours de soin, \u00e0 mieux g\u00e9rer leurs crises de goutte et \u00e0 suivre l\u2019\u00e9volution de leur taux d\u2019acide urique, parall\u00e8lement \u00e0 la prise d\u2019un traitement m\u00e9dicamenteux de fond.&nbsp;<\/p>\n\n\n\n<p>Le marquage CE est en cours d\u2019obtention. Jusqu\u2019\u00e0 l\u2019obtention effective de ce marquage, certaines fonctionnalit\u00e9s m\u00e9dicales peuvent \u00eatre limit\u00e9es ou accessibles dans un cadre transitoire conforme \u00e0 la r\u00e9glementation applicable.<\/p>\n\n\n\n<p>L\u2019Application est propos\u00e9e selon un mod\u00e8le freemium, comprenant des fonctionnalit\u00e9s gratuites et des fonctionnalit\u00e9s payantes accessibles par abonnement.<\/p>\n\n\n\n<p>Toute utilisation de l\u2019Application implique l\u2019acceptation pleine et enti\u00e8re des pr\u00e9sentes CGU.<\/p>\n\n\n\n<p>&#8212;<\/p>\n\n\n\n<p><strong>2. D\u00e9finitions<\/strong><\/p>\n\n\n\n<p>Utilisateur : toute personne physique utilisant l\u2019Application.<\/p>\n\n\n\n<p>Compte : espace personnel de l\u2019Utilisateur accessible apr\u00e8s inscription.<\/p>\n\n\n\n<p>Donn\u00e9es de sant\u00e9 : donn\u00e9es personnelles au sens de l\u2019article 4 du RGPD relatives \u00e0 l\u2019\u00e9tat de sant\u00e9 physique ou mentale de l\u2019Utilisateur.<\/p>\n\n\n\n<p>Service : fonctionnalit\u00e9s propos\u00e9es par l\u2019Application.<\/p>\n\n\n\n<p>&#8212;<\/p>\n\n\n\n<p><strong>3. Objet et p\u00e9rim\u00e8tre de l\u2019Application<\/strong><\/p>\n\n\n\n<p>L\u2019Application a pour objet de fournir aux patients qui ont d\u00e9j\u00e0 eu un diagnostic de goutte par un m\u00e9decin un outil num\u00e9rique d\u2019accompagnement et de suivi de leur maladie, conforme \u00e0 sa qualification de dispositif m\u00e9dical de classe I.<\/p>\n\n\n\n<p>Elle permet notamment, selon les fonctionnalit\u00e9s activ\u00e9es :<\/p>\n\n\n\n<ul class=\"wp-block-list\">\n<li>le suivi du taux d\u2019acide urique saisi par l\u2019Utilisateur,<\/li>\n\n\n\n<li>l\u2019acc\u00e8s \u00e0 des vid\u00e9os et quiz sur la goutte,<\/li>\n\n\n\n<li>le pr\u00e9-diagnostic de la crise de goutte, bas\u00e9 sur trois questions identiques \u00e0 celles qui sont pos\u00e9es par le m\u00e9decin,<\/li>\n\n\n\n<li>la recherche des facteurs d\u00e9clenchants de chaque crise en cours \u00e0 travers un questionnaire,<\/li>\n\n\n\n<li>la saisie des dates de d\u00e9but et de fin de chaque crise de goutte,<\/li>\n\n\n\n<li>la saisie des sympt\u00f4mes pendant chaque jour de crise,<\/li>\n\n\n\n<li>le rep\u00e9rage de sympt\u00f4mes sp\u00e9cifiques aux effets ind\u00e9sirables de la colchicine, traitement de crise,&nbsp;<\/li>\n\n\n\n<li>la consultation de la synth\u00e8se des informations concernant chaque crise dans un historique,&nbsp;<\/li>\n\n\n\n<li>l\u2019acc\u00e8s \u00e0 des informations sur les traitements de crise et de fond.<\/li>\n<\/ul>\n\n\n\n<p>L\u2019Application :<\/p>\n\n\n\n<ul class=\"wp-block-list\">\n<li>ne remplace pas une consultation m\u00e9dicale,<\/li>\n\n\n\n<li>ne permet pas d\u2019\u00e9tablir un diagnostic m\u00e9dical,<\/li>\n\n\n\n<li>ne se substitue pas \u00e0 l\u2019avis, au suivi ou au traitement prescrit par un professionnel de sant\u00e9.<\/li>\n<\/ul>\n\n\n\n<p>En cas de sympt\u00f4mes persistants, d\u2019aggravation de l\u2019\u00e9tat de sant\u00e9 ou de situation d\u2019urgence, l\u2019Utilisateur est invit\u00e9 \u00e0 consulter un professionnel de sant\u00e9 ou \u00e0 contacter les services d\u2019urgence.<\/p>\n\n\n\n<p>&#8212;<\/p>\n\n\n\n<p><strong>4. Acc\u00e8s \u00e0 l\u2019Application<\/strong><\/p>\n\n\n\n<p>L\u2019Application est accessible via t\u00e9l\u00e9chargement sur les plateformes officielles (App Store \/ Google Play).<\/p>\n\n\n\n<p>L\u2019acc\u00e8s \u00e0 l\u2019application n\u00e9cessite la cr\u00e9ation d\u2019un Compte.<\/p>\n\n\n\n<p>L\u2019Utilisateur garantit fournir des informations exactes, compl\u00e8tes et \u00e0 jour lors de son inscription.<\/p>\n\n\n\n<p>&#8212;<\/p>\n\n\n\n<p><strong>5. Conditions d\u2019utilisation<\/strong><\/p>\n\n\n\n<p>L\u2019Utilisateur s\u2019engage \u00e0 :<\/p>\n\n\n\n<p>&#8211; utiliser l\u2019Application conform\u00e9ment \u00e0 sa destination m\u00e9dicale,<\/p>\n\n\n\n<p>&#8211; ne pas d\u00e9tourner l\u2019Application de son usage pr\u00e9vu,<\/p>\n\n\n\n<p>&#8211; ne pas tenter d\u2019acc\u00e9der frauduleusement aux syst\u00e8mes de l\u2019\u00c9diteur,<\/p>\n\n\n\n<p>&#8211; ne pas fournir de fausses donn\u00e9es de sant\u00e9.<\/p>\n\n\n\n<p>Toute utilisation abusive pourra entra\u00eener la suspension ou la suppression du Compte.<\/p>\n\n\n\n<p>&#8212;<\/p>\n\n\n\n<p><strong>6. Dispositif m\u00e9dical et conformit\u00e9 r\u00e9glementaire<\/strong><\/p>\n\n\n\n<p>L\u2019Application est qualifi\u00e9e de dispositif m\u00e9dical de classe I conform\u00e9ment au R\u00e8glement (UE) 2017\/745.<\/p>\n\n\n\n<p>Le processus de marquage CE est en cours. L\u2019\u00c9diteur s\u2019engage \u00e0 respecter l\u2019ensemble des exigences essentielles applicables aux dispositifs m\u00e9dicaux, notamment en mati\u00e8re de s\u00e9curit\u00e9, de performance et de gestion des risques.<\/p>\n\n\n\n<p>L\u2019Application est d\u00e9velopp\u00e9e conform\u00e9ment :<\/p>\n\n\n\n<p>&#8211; au R\u00e8glement (UE) 2017\/745 relatif aux dispositifs m\u00e9dicaux,<\/p>\n\n\n\n<p>&#8211; aux normes et bonnes pratiques applicables aux logiciels de sant\u00e9,<\/p>\n\n\n\n<p>&#8211; aux exigences de tra\u00e7abilit\u00e9, de surveillance et de mat\u00e9riovigilance.<\/p>\n\n\n\n<p>La notice d\u2019utilisation du dispositif m\u00e9dical et les informations r\u00e9glementaires obligatoires sont accessibles depuis l\u2019Application ou communiqu\u00e9es sur demande.<\/p>\n\n\n\n<p>&#8212;<\/p>\n\n\n\n<p><strong>7. Donn\u00e9es personnelles et conformit\u00e9 RGPD<\/strong><\/p>\n\n\n\n<p>7.1 Responsable de traitement<\/p>\n\n\n\n<p>Le responsable de traitement des donn\u00e9es personnelles est la soci\u00e9t\u00e9 Dr Data.<\/p>\n\n\n\n<p>7.2 Donn\u00e9es collect\u00e9es<\/p>\n\n\n\n<p>Les donn\u00e9es susceptibles d\u2019\u00eatre collect\u00e9es incluent notamment :<\/p>\n\n\n\n<p>&#8211; donn\u00e9es d\u2019identification,<\/p>\n\n\n\n<p>&#8211; donn\u00e9es de sant\u00e9 saisies par l\u2019Utilisateur,<\/p>\n\n\n\n<p>&#8211; donn\u00e9es techniques (logs, version de l\u2019Application).<\/p>\n\n\n\n<p>7.3 Finalit\u00e9s<\/p>\n\n\n\n<p>Les donn\u00e9es sont trait\u00e9es pour :<\/p>\n\n\n\n<p>&#8211; fournir les services de l\u2019Application,<\/p>\n\n\n\n<p>&#8211; am\u00e9liorer les fonctionnalit\u00e9s,<\/p>\n\n\n\n<p>&#8211; respecter les obligations l\u00e9gales et r\u00e9glementaires.<\/p>\n\n\n\n<p>7.4 Base l\u00e9gale<\/p>\n\n\n\n<p>Le traitement repose sur :<\/p>\n\n\n\n<p>&#8211; le consentement explicite de l\u2019Utilisateur,<\/p>\n\n\n\n<p>&#8211; la n\u00e9cessit\u00e9 \u00e0 l\u2019ex\u00e9cution du Service,<\/p>\n\n\n\n<p>&#8211; les obligations l\u00e9gales applicables aux dispositifs m\u00e9dicaux.<\/p>\n\n\n\n<p>7.5 H\u00e9bergement et s\u00e9curit\u00e9<\/p>\n\n\n\n<p>Les donn\u00e9es de sant\u00e9 sont h\u00e9berg\u00e9es par OVH, h\u00e9bergeur agr\u00e9\u00e9 conform\u00e9ment \u00e0 la r\u00e9glementation fran\u00e7aise.<\/p>\n\n\n\n<p>Des mesures techniques et organisationnelles appropri\u00e9es sont mises en \u0153uvre pour garantir la s\u00e9curit\u00e9 et la confidentialit\u00e9 des donn\u00e9es.<\/p>\n\n\n\n<p>7.6 Dur\u00e9e de conservation<\/p>\n\n\n\n<p>Les donn\u00e9es sont conserv\u00e9es pendant la dur\u00e9e strictement n\u00e9cessaire aux finalit\u00e9s poursuivies, conform\u00e9ment aux recommandations de la CNIL.<\/p>\n\n\n\n<p>7.7 Droits des Utilisateurs<\/p>\n\n\n\n<p>Conform\u00e9ment au RGPD et \u00e0 la loi Informatique et Libert\u00e9s, l\u2019Utilisateur dispose des droits suivants :<\/p>\n\n\n\n<p>&#8211; droit d\u2019acc\u00e8s,<\/p>\n\n\n\n<p>&#8211; droit de rectification,<\/p>\n\n\n\n<p>&#8211; droit d\u2019effacement,<\/p>\n\n\n\n<p>&#8211; droit \u00e0 la limitation du traitement,<\/p>\n\n\n\n<p>&#8211; droit d\u2019opposition,<\/p>\n\n\n\n<p>&#8211; droit \u00e0 la portabilit\u00e9.<\/p>\n\n\n\n<p>Ces droits peuvent \u00eatre exerc\u00e9s \u00e0 l\u2019adresse suivante : dpo@rheumacare.io.<\/p>\n\n\n\n<p>L\u2019Utilisateur peut \u00e9galement introduire une r\u00e9clamation aupr\u00e8s de la CNIL.<\/p>\n\n\n\n<p>&#8212;<\/p>\n\n\n\n<p><strong>8. Propri\u00e9t\u00e9 intellectuelle<\/strong><\/p>\n\n\n\n<p>L\u2019Application, ses contenus, algorithmes, marques, logos et bases de donn\u00e9es sont prot\u00e9g\u00e9s par le droit de la propri\u00e9t\u00e9 intellectuelle.<\/p>\n\n\n\n<p>Toute reproduction ou exploitation non autoris\u00e9e est interdite.<\/p>\n\n\n\n<p>&#8212;<\/p>\n\n\n\n<p><strong>9. Responsabilit\u00e9<\/strong><\/p>\n\n\n\n<p>L\u2019\u00c9diteur met tout en \u0153uvre pour assurer le bon fonctionnement de l\u2019Application mais ne garantit pas l\u2019absence d\u2019erreurs ou d\u2019interruptions.<\/p>\n\n\n\n<p>La responsabilit\u00e9 de l\u2019\u00c9diteur ne saurait \u00eatre engag\u00e9e en cas :<\/p>\n\n\n\n<ul class=\"wp-block-list\">\n<li>d\u2019utilisation non conforme des Services,<\/li>\n\n\n\n<li>de mauvaise interpr\u00e9tation des informations fournies,<\/li>\n\n\n\n<li>de dommages indirects.<\/li>\n<\/ul>\n\n\n\n<p>&#8212;<\/p>\n\n\n\n<p><strong>10. Suspension et r\u00e9siliation<\/strong><\/p>\n\n\n\n<p>L\u2019Utilisateur peut supprimer son Compte \u00e0 tout moment depuis l\u2019Application ou en adressant une demande \u00e0 l\u2019\u00c9diteur.<\/p>\n\n\n\n<p>En cas de r\u00e9siliation du Compte, l\u2019acc\u00e8s aux fonctionnalit\u00e9s payantes prend fin \u00e0 l\u2019\u00e9ch\u00e9ance de l\u2019abonnement en cours.<\/p>\n\n\n\n<p>L\u2019\u00c9diteur se r\u00e9serve le droit de suspendre ou de r\u00e9silier un Compte, sans pr\u00e9avis, en cas de violation des pr\u00e9sentes CGU, d\u2019utilisation frauduleuse ou de mise en danger de la s\u00e9curit\u00e9 du dispositif m\u00e9dical.<\/p>\n\n\n\n<p>&#8212;<\/p>\n\n\n\n<p><strong>11. Mod\u00e8le freemium et abonnements<\/strong><\/p>\n\n\n\n<p>L\u2019Application propose un acc\u00e8s gratuit permettant de d\u00e9couvrir les principales fonctionnalit\u00e9s.<\/p>\n\n\n\n<p>Cependant l\u2019utilisation des fonctionnalit\u00e9s peut \u00eatre accessible via un abonnement payant, dont les modalit\u00e9s (prix, dur\u00e9e, renouvellement, r\u00e9siliation) sont pr\u00e9cis\u00e9es au sein de l\u2019Application et sur les plateformes de t\u00e9l\u00e9chargement.<\/p>\n\n\n\n<p>Les abonnements sont souscrits via les stores (App Store \/ Google Play) et soumis \u00e0 leurs conditions de paiement respectives.<\/p>\n\n\n\n<p>&#8212;<\/p>\n\n\n\n<p><strong>12. Modification des CGU<\/strong><\/p>\n\n\n\n<p>Les CGU peuvent \u00eatre modifi\u00e9es \u00e0 tout moment. Les Utilisateurs seront inform\u00e9s de toute modification substantielle.<\/p>\n\n\n\n<p>&#8212;<\/p>\n\n\n\n<p><strong>13. Droit applicable et juridiction comp\u00e9tente<\/strong><\/p>\n\n\n\n<p>Les pr\u00e9sentes CGU sont r\u00e9gies par le droit fran\u00e7ais.<\/p>\n\n\n\n<p>Tout litige rel\u00e8vera de la comp\u00e9tence des tribunaux fran\u00e7ais comp\u00e9tents.<\/p>\n\n\n\n<p>&#8212;<\/p>\n\n\n\n<p class=\"has-text-align-center\">Derni\u00e8re mise \u00e0 jour : 6\/1\/2026<\/p>\n<\/div>\n\n\n\n<div class=\"wp-block-column is-layout-flow wp-block-column-is-layout-flow\" style=\"flex-basis:10%\"><\/div>\n<\/div>\n<\/div>\n<\/div>\n<\/div>\n<\/div>\n<\/div>\n\t\t\t\t\t\t\t\t<\/div>\n\t\t\t\t<\/div>\n\t\t\t\t\t<\/div>\n\t\t\t\t<\/div>\n\t\t\t\t<\/div>\n\t\t","protected":false},"excerpt":{"rendered":"<p>Conditions g\u00e9n\u00e9rales d&rsquo;utilisation 1. Pr\u00e9ambule Les pr\u00e9sentes Conditions G\u00e9n\u00e9rales d\u2019Utilisation (ci-apr\u00e8s \u00ab CGU \u00bb) ont pour objet de d\u00e9finir les [&hellip;]<\/p>\n","protected":false},"author":1,"featured_media":0,"parent":0,"menu_order":0,"comment_status":"closed","ping_status":"closed","template":"","meta":{"postBodyCss":"","postBodyMargin":[],"postBodyPadding":[],"postBodyBackground":{"backgroundType":"classic","gradient":""},"site-sidebar-layout":"default","site-content-layout":"","ast-site-content-layout":"default","site-content-style":"default","site-sidebar-style":"default","ast-global-header-display":"","ast-banner-title-visibility":"","ast-main-header-display":"","ast-hfb-above-header-display":"","ast-hfb-below-header-display":"","ast-hfb-mobile-header-display":"","site-post-title":"disabled","ast-breadcrumbs-content":"","ast-featured-img":"","footer-sml-layout":"","ast-disable-related-posts":"","theme-transparent-header-meta":"","adv-header-id-meta":"","stick-header-meta":"","header-above-stick-meta":"","header-main-stick-meta":"","header-below-stick-meta":"","astra-migrate-meta-layouts":"default","ast-page-background-enabled":"default","ast-page-background-meta":{"desktop":{"background-color":"var(--ast-global-color-4)","background-image":"","background-repeat":"repeat","background-position":"center center","background-size":"auto","background-attachment":"scroll","background-type":"","background-media":"","overlay-type":"","overlay-color":"","overlay-opacity":"","overlay-gradient":""},"tablet":{"background-color":"","background-image":"","background-repeat":"repeat","background-position":"center center","background-size":"auto","background-attachment":"scroll","background-type":"","background-media":"","overlay-type":"","overlay-color":"","overlay-opacity":"","overlay-gradient":""},"mobile":{"background-color":"","background-image":"","background-repeat":"repeat","background-position":"center center","background-size":"auto","background-attachment":"scroll","background-type":"","background-media":"","overlay-type":"","overlay-color":"","overlay-opacity":"","overlay-gradient":""}},"ast-content-background-meta":{"desktop":{"background-color":"var(--ast-global-color-5)","background-image":"","background-repeat":"repeat","background-position":"center center","background-size":"auto","background-attachment":"scroll","background-type":"","background-media":"","overlay-type":"","overlay-color":"","overlay-opacity":"","overlay-gradient":""},"tablet":{"background-color":"var(--ast-global-color-5)","background-image":"","background-repeat":"repeat","background-position":"center center","background-size":"auto","background-attachment":"scroll","background-type":"","background-media":"","overlay-type":"","overlay-color":"","overlay-opacity":"","overlay-gradient":""},"mobile":{"background-color":"var(--ast-global-color-5)","background-image":"","background-repeat":"repeat","background-position":"center center","background-size":"auto","background-attachment":"scroll","background-type":"","background-media":"","overlay-type":"","overlay-color":"","overlay-opacity":"","overlay-gradient":""}},"footnotes":""},"class_list":["post-946","page","type-page","status-publish","hentry"],"_links":{"self":[{"href":"https:\/\/appligoutte.io\/index.php\/wp-json\/wp\/v2\/pages\/946","targetHints":{"allow":["GET"]}}],"collection":[{"href":"https:\/\/appligoutte.io\/index.php\/wp-json\/wp\/v2\/pages"}],"about":[{"href":"https:\/\/appligoutte.io\/index.php\/wp-json\/wp\/v2\/types\/page"}],"author":[{"embeddable":true,"href":"https:\/\/appligoutte.io\/index.php\/wp-json\/wp\/v2\/users\/1"}],"replies":[{"embeddable":true,"href":"https:\/\/appligoutte.io\/index.php\/wp-json\/wp\/v2\/comments?post=946"}],"version-history":[{"count":7,"href":"https:\/\/appligoutte.io\/index.php\/wp-json\/wp\/v2\/pages\/946\/revisions"}],"predecessor-version":[{"id":2235,"href":"https:\/\/appligoutte.io\/index.php\/wp-json\/wp\/v2\/pages\/946\/revisions\/2235"}],"wp:attachment":[{"href":"https:\/\/appligoutte.io\/index.php\/wp-json\/wp\/v2\/media?parent=946"}],"curies":[{"name":"wp","href":"https:\/\/api.w.org\/{rel}","templated":true}]}}