{"id":113,"date":"2024-01-25T17:11:02","date_gmt":"2024-01-25T16:11:02","guid":{"rendered":"https:\/\/appligoutte.io\/?page_id=113"},"modified":"2026-03-06T10:24:48","modified_gmt":"2026-03-06T09:24:48","slug":"a-propos","status":"publish","type":"page","link":"https:\/\/appligoutte.io\/index.php\/a-propos\/","title":{"rendered":"\u00c0 propos"},"content":{"rendered":"\t\t<div data-elementor-type=\"wp-page\" data-elementor-id=\"113\" class=\"elementor elementor-113\">\n\t\t\t\t<div class=\"elementor-element elementor-element-2210e56f e-flex e-con-boxed e-con e-parent\" data-id=\"2210e56f\" data-element_type=\"container\" data-e-type=\"container\">\n\t\t\t\t\t<div class=\"e-con-inner\">\n\t\t\t\t<div class=\"elementor-element elementor-element-482cbbc5 elementor-widget elementor-widget-text-editor\" data-id=\"482cbbc5\" data-element_type=\"widget\" data-e-type=\"widget\" data-widget_type=\"text-editor.default\">\n\t\t\t\t<div class=\"elementor-widget-container\">\n\t\t\t\t\t\t\t\t\t\n<div class=\"wp-block-group alignfull has-custom-black-100-color has-custom-background-10-background-color has-text-color has-background has-link-color wp-elements-88136c47d039fe5bec2a61de71ab1996 is-vertical is-content-justification-center is-layout-flex wp-container-core-group-is-layout-bc07c4df wp-block-group-is-layout-flex\" style=\"padding-top:var(--wp--preset--spacing--50);padding-right:var(--wp--preset--spacing--50);padding-bottom:var(--wp--preset--spacing--50);padding-left:var(--wp--preset--spacing--50)\">\n<div class=\"wp-block-columns is-layout-flex wp-container-core-columns-is-layout-28f84493 wp-block-columns-is-layout-flex\">\n<div class=\"wp-block-column is-layout-flow wp-block-column-is-layout-flow\">\n<div class=\"wp-block-columns is-layout-flex wp-container-core-columns-is-layout-28f84493 wp-block-columns-is-layout-flex\">\n<div class=\"wp-block-column is-layout-flow wp-block-column-is-layout-flow\">\n<div class=\"wp-block-columns is-layout-flex wp-container-core-columns-is-layout-28f84493 wp-block-columns-is-layout-flex\">\n<div class=\"wp-block-column is-layout-flow wp-block-column-is-layout-flow\" style=\"flex-basis:100%\">\n<div class=\"wp-block-columns is-layout-flex wp-container-core-columns-is-layout-28f84493 wp-block-columns-is-layout-flex\">\n<div class=\"wp-block-column is-layout-flow wp-block-column-is-layout-flow\" style=\"flex-basis:100%\">\n<figure class=\"wp-block-image aligncenter size-large is-resized\"><img fetchpriority=\"high\" decoding=\"async\" width=\"1024\" height=\"223\" src=\"https:\/\/appligoutte.io\/wp-content\/uploads\/2026\/02\/logo-rheumacare-noir-1024x223.png\" alt=\"\" class=\"wp-image-1767\" style=\"aspect-ratio:4.592507204610951;width:278px;height:auto\" srcset=\"https:\/\/appligoutte.io\/wp-content\/uploads\/2026\/02\/logo-rheumacare-noir-1024x223.png 1024w, https:\/\/appligoutte.io\/wp-content\/uploads\/2026\/02\/logo-rheumacare-noir-300x65.png 300w, https:\/\/appligoutte.io\/wp-content\/uploads\/2026\/02\/logo-rheumacare-noir-768x167.png 768w, https:\/\/appligoutte.io\/wp-content\/uploads\/2026\/02\/logo-rheumacare-noir-1536x335.png 1536w, https:\/\/appligoutte.io\/wp-content\/uploads\/2026\/02\/logo-rheumacare-noir.png 1616w\" sizes=\"(max-width: 1024px) 100vw, 1024px\" \/><\/figure>\n<\/div>\n<\/div>\n<\/div>\n<\/div>\n\n\n\n<div class=\"wp-block-columns is-layout-flex wp-container-core-columns-is-layout-795689c4 wp-block-columns-is-layout-flex\" style=\"margin-top:var(--wp--preset--spacing--30);margin-bottom:var(--wp--preset--spacing--30)\">\n<div class=\"wp-block-column is-layout-flow wp-block-column-is-layout-flow\" style=\"flex-basis:10%\"><\/div>\n\n\n\n<div class=\"wp-block-column is-layout-flow wp-block-column-is-layout-flow\" style=\"flex-basis:80%\">\n<p>AppliGoutte est une application d\u00e9velopp\u00e9e par Rheuma Care Apps. <\/p>\n\n\n\n<p><strong>Notre mission<\/strong><\/p>\n\n\n\n<p>Avec AppliGoutte, nous souhaitons aider toutes les personnes qui vivent avec la goutte \u00e0 gu\u00e9rir, une fois pour toutes. Nous voulons aussi modifier en profondeur l&rsquo;image de la maladie pour faire en sorte qu&rsquo;elle soit bien prise en charge.<\/p>\n\n\n\n<p><strong>Equipe<\/strong><\/p>\n\n\n\n<p>CEO &#8211; Perrine Courtois <\/p>\n\n\n\n<p>Directeur scientifique &#8211; Pr Hang-Korng Ea<\/p>\n\n\n\n<p>Directrice m\u00e9dicale &#8211; Dr Sharon Abiven<\/p>\n\n\n\n<p>CTO &#8211; Prasanth Pushparasah<\/p>\n<\/div>\n\n\n\n<div class=\"wp-block-column is-layout-flow wp-block-column-is-layout-flow\" style=\"flex-basis:10%\"><\/div>\n<\/div>\n\n\n\n<div class=\"wp-block-columns is-layout-flex wp-container-core-columns-is-layout-795689c4 wp-block-columns-is-layout-flex\" style=\"margin-top:var(--wp--preset--spacing--30);margin-bottom:var(--wp--preset--spacing--30)\">\n<div class=\"wp-block-column is-layout-flow wp-block-column-is-layout-flow\" style=\"flex-basis:10%\"><\/div>\n\n\n\n<div class=\"wp-block-column is-layout-flow wp-block-column-is-layout-flow\" style=\"flex-basis:80%\">\n<p><strong>Un projet centr\u00e9 sur les besoins de patients et des professionnels de sant\u00e9<\/strong><\/p>\n\n\n\n<p>N\u00e9 en 2019 dans le centre expert de la goutte du service de rhumatologie (centre Viggo Petersen) de l\u2019H\u00f4pital Lariboisi\u00e8re \u00e0 Paris, dirig\u00e9 par le Pr Pascal Richette, AppliGoutte a d\u2019abord \u00e9t\u00e9 un projet de recherche visant \u00e0 bien comprendre le v\u00e9cu des personnes atteintes de goutte, leurs besoins et leurs attentes en mati\u00e8re d\u2019accompagnement num\u00e9rique. Il a fait l\u2019objet de la th\u00e8se de m\u00e9decine du Dr Sharon Abiven, dirig\u00e9e par Pr Hang-Korng Ea et Dr Laurence Coblentz-Baumann (Le Design Thinking appliqu\u00e9 \u00e0 la prise en charge de la goutte : processus de conception d\u2019une application num\u00e9rique innovante).<\/p>\n\n\n\n<p>Nous avons choisi de concevoir un dispositif centr\u00e9 sur l\u2019humain, en utilisant tr\u00e8s en amont les m\u00e9thodes issues du design. Cette approche avait pour objectif de garantir que le r\u00e9sultat corresponde bien aux besoins et attentes des utilisateurs, patients et professionnels de sant\u00e9, et donc de faciliter l\u2019adoption du dispositif.<\/p>\n\n\n\n<p>Nous avons cr\u00e9\u00e9 un mod\u00e8le psycho-comportemental sp\u00e9cifique bas\u00e9 sur le mod\u00e8le HAPA (Health Action Process Approach, d\u00e9velopp\u00e9 par le Pr Ralf Schwartzer), que nous continuons \u00e0 d\u00e9velopper en m\u00eame temps que nous am\u00e9liorons l&rsquo;application. <\/p>\n\n\n\n<p><strong>Le r\u00f4le important de l&rsquo;\u00e9quipe du programme d\u2019Education Th\u00e9rapeutique du Patient \u00ab Parlons goutte \u00bb du Centre Viggo Petersen (AP-HP H\u00f4pital Lariboisi\u00e8re)<\/strong><\/p>\n\n\n\n<p>Le service de rhumatologie de l&rsquo;h\u00f4pital Lariboisi\u00e8re \u00e0 Paris propose depuis plusieurs ann\u00e9es un programme \u00ab\u00a0Parlons goutte\u00a0\u00bb sous forme de sessions pr\u00e9sentielles pluridisciplinaires qui b\u00e9n\u00e9ficient \u00e0 quelques dizaines de patients chanceux chaque ann\u00e9e. Le programme \u00ab\u00a0Comprendre\u00a0\u00bb de l&rsquo;application a \u00e9t\u00e9 structur\u00e9 et con\u00e7u avec l&rsquo;aide de cette \u00e9quipe. <\/p>\n\n\n\n<p><\/p>\n\n\n\n<p><strong>Nous avons b\u00e9n\u00e9fici\u00e9 des programmes d&rsquo;incubation et d&rsquo;acc\u00e9l\u00e9ration suivants :<\/strong><\/p>\n\n\n\n<div class=\"wp-block-columns is-layout-flex wp-container-core-columns-is-layout-28f84493 wp-block-columns-is-layout-flex\">\n<div class=\"wp-block-column is-layout-flow wp-block-column-is-layout-flow\">\n<figure class=\"wp-block-image size-large\"><img decoding=\"async\" width=\"1024\" height=\"187\" src=\"https:\/\/appligoutte.io\/wp-content\/uploads\/2026\/02\/689469d464408d4285505c26_pbs-1024x187.png\" alt=\"\" class=\"wp-image-1779\" srcset=\"https:\/\/appligoutte.io\/wp-content\/uploads\/2026\/02\/689469d464408d4285505c26_pbs-1024x187.png 1024w, https:\/\/appligoutte.io\/wp-content\/uploads\/2026\/02\/689469d464408d4285505c26_pbs-300x55.png 300w, https:\/\/appligoutte.io\/wp-content\/uploads\/2026\/02\/689469d464408d4285505c26_pbs-768x140.png 768w, https:\/\/appligoutte.io\/wp-content\/uploads\/2026\/02\/689469d464408d4285505c26_pbs.png 1150w\" sizes=\"(max-width: 1024px) 100vw, 1024px\" \/><\/figure>\n<\/div>\n\n\n\n<div class=\"wp-block-column is-layout-flow wp-block-column-is-layout-flow\">\n<figure class=\"wp-block-image size-large is-resized\"><img decoding=\"async\" width=\"1024\" height=\"273\" src=\"https:\/\/appligoutte.io\/wp-content\/uploads\/2026\/02\/Logo-WILCO-1024x273.png\" alt=\"\" class=\"wp-image-1780\" style=\"aspect-ratio:3.751226492232216;width:193px;height:auto\" srcset=\"https:\/\/appligoutte.io\/wp-content\/uploads\/2026\/02\/Logo-WILCO-1024x273.png 1024w, https:\/\/appligoutte.io\/wp-content\/uploads\/2026\/02\/Logo-WILCO-300x80.png 300w, https:\/\/appligoutte.io\/wp-content\/uploads\/2026\/02\/Logo-WILCO-768x205.png 768w, https:\/\/appligoutte.io\/wp-content\/uploads\/2026\/02\/Logo-WILCO.png 1137w\" sizes=\"(max-width: 1024px) 100vw, 1024px\" \/><\/figure>\n<\/div>\n\n\n\n<div class=\"wp-block-column is-layout-flow wp-block-column-is-layout-flow\"><\/div>\n<\/div>\n\n\n\n<p><\/p>\n\n\n\n<p><strong>18 mois d&rsquo;exp\u00e9rimentation avec le Tiers-lieu Pr\u00e9vention Holistic en 2026-27 <\/strong><\/p>\n\n\n\n<p>Le chef de file du Tiers-lieu Pr\u00e9vention Holistic est la Fondation H\u00f4pital Saint Joseph, avec ses deux h\u00f4pitaux Saint Joseph et Marie Lannelongue. Le service de rhumatologie dirig\u00e9 par Dr Gilles Hayem a lanc\u00e9 la fili\u00e8re Feel&rsquo;Gout pour proposer aux personnes atteintes de goutte dans la zone sud de Paris de b\u00e9n\u00e9ficier d&rsquo;une prise en charge cibl\u00e9e. <\/p>\n\n\n\n<p>Les partenaires du consortium :<\/p>\n\n\n\n<div class=\"wp-block-columns is-layout-flex wp-container-core-columns-is-layout-28f84493 wp-block-columns-is-layout-flex\">\n<div class=\"wp-block-column is-layout-flow wp-block-column-is-layout-flow\">\n<figure class=\"wp-block-image size-full\"><img loading=\"lazy\" decoding=\"async\" width=\"480\" height=\"163\" src=\"https:\/\/appligoutte.io\/wp-content\/uploads\/2026\/02\/LOGO_Holistic-1.png\" alt=\"\" class=\"wp-image-1772\" srcset=\"https:\/\/appligoutte.io\/wp-content\/uploads\/2026\/02\/LOGO_Holistic-1.png 480w, https:\/\/appligoutte.io\/wp-content\/uploads\/2026\/02\/LOGO_Holistic-1-300x102.png 300w\" sizes=\"(max-width: 480px) 100vw, 480px\" \/><\/figure>\n<\/div>\n\n\n\n<div class=\"wp-block-column is-layout-flow wp-block-column-is-layout-flow\">\n<figure class=\"wp-block-image size-large is-resized\"><img loading=\"lazy\" decoding=\"async\" width=\"1024\" height=\"528\" src=\"https:\/\/appligoutte.io\/wp-content\/uploads\/2026\/02\/9627-MinesParisa-BlocMarquea-RVBBLEUVF-1024x528.png\" alt=\"\" class=\"wp-image-1773\" style=\"aspect-ratio:1.939441978440076;width:233px;height:auto\" srcset=\"https:\/\/appligoutte.io\/wp-content\/uploads\/2026\/02\/9627-MinesParisa-BlocMarquea-RVBBLEUVF-1024x528.png 1024w, https:\/\/appligoutte.io\/wp-content\/uploads\/2026\/02\/9627-MinesParisa-BlocMarquea-RVBBLEUVF-300x155.png 300w, https:\/\/appligoutte.io\/wp-content\/uploads\/2026\/02\/9627-MinesParisa-BlocMarquea-RVBBLEUVF-768x396.png 768w, https:\/\/appligoutte.io\/wp-content\/uploads\/2026\/02\/9627-MinesParisa-BlocMarquea-RVBBLEUVF-1536x792.png 1536w, https:\/\/appligoutte.io\/wp-content\/uploads\/2026\/02\/9627-MinesParisa-BlocMarquea-RVBBLEUVF-2048x1056.png 2048w\" sizes=\"(max-width: 1024px) 100vw, 1024px\" \/><\/figure>\n<\/div>\n\n\n\n<div class=\"wp-block-column is-layout-flow wp-block-column-is-layout-flow\"><\/div>\n<\/div>\n\n\n\n<div class=\"wp-block-columns is-layout-flex wp-container-core-columns-is-layout-28f84493 wp-block-columns-is-layout-flex\">\n<div class=\"wp-block-column is-layout-flow wp-block-column-is-layout-flow\">\n<figure class=\"wp-block-image size-full is-resized\"><img decoding=\"async\" src=\"http:\/\/appligoutte.io\/wp-content\/uploads\/2026\/02\/LOGO_RECTANGLE-COULEUR-3.png\" alt=\"\" class=\"wp-image-1777\" style=\"aspect-ratio:1.851952770208901;width:222px;height:auto\"\/><\/figure>\n<\/div>\n\n\n\n<div class=\"wp-block-column is-layout-flow wp-block-column-is-layout-flow\">\n<figure class=\"wp-block-image size-full is-resized\"><img loading=\"lazy\" decoding=\"async\" width=\"177\" height=\"178\" src=\"https:\/\/appligoutte.io\/wp-content\/uploads\/2026\/02\/logo-cpts-paris14.png\" alt=\"\" class=\"wp-image-1778\" style=\"width:121px;height:auto\" srcset=\"https:\/\/appligoutte.io\/wp-content\/uploads\/2026\/02\/logo-cpts-paris14.png 177w, https:\/\/appligoutte.io\/wp-content\/uploads\/2026\/02\/logo-cpts-paris14-150x150.png 150w\" sizes=\"(max-width: 177px) 100vw, 177px\" \/><\/figure>\n\n\n\n<p><\/p>\n\n\n\n<p class=\"has-text-align-center\"><strong>e<\/strong><\/p>\n<\/div>\n\n\n\n<div class=\"wp-block-column is-layout-flow wp-block-column-is-layout-flow\">\n<p><\/p>\n\n\n\n<p class=\"has-text-align-center\"><strong>Centre de sant\u00e9 Marie Th\u00e9r\u00e8se<\/strong><\/p>\n<\/div>\n<\/div>\n\n\n\n<p><strong>Nos objectifs partag\u00e9s pour cette exp\u00e9rimentation sont :<\/strong><br>&#8211; Int\u00e9grer AppliGoutte dans la pratique des m\u00e9decins g\u00e9n\u00e9ralistes et des rhumatologues<br>&#8211; Documenter le v\u00e9cu des personnes atteintes de goutte<br>&#8211; Mod\u00e9liser l&rsquo;\u00e9tat actuel de la prise en charge de la goutte et projeter un nouveau parcours de soin avec l&rsquo;application<br>&#8211; Int\u00e9grer l&rsquo;IA pr\u00e9dictive dans la trajectoire th\u00e9rapeutique<\/p>\n\n\n\n<p><strong>Financement <\/strong>: notre exp\u00e9rimentation est soutenue par l&rsquo;Etat dans le cadre du dispositif \u00ab\u00a0Tiers-Lieu d&rsquo;Exp\u00e9rimentation en sant\u00e9 de France 2030\u00a0\u00bb, op\u00e9r\u00e9 par le Groupe Caisse des D\u00e9p\u00f4ts. <\/p>\n<\/div>\n\n\n\n<div class=\"wp-block-column is-layout-flow wp-block-column-is-layout-flow\" style=\"flex-basis:10%\"><\/div>\n<\/div>\n\n\n\n<div class=\"wp-block-columns is-layout-flex wp-container-core-columns-is-layout-795689c4 wp-block-columns-is-layout-flex\" style=\"margin-top:var(--wp--preset--spacing--30);margin-bottom:var(--wp--preset--spacing--30)\">\n<div class=\"wp-block-column is-layout-flow wp-block-column-is-layout-flow\" style=\"flex-basis:10%\"><\/div>\n\n\n\n<div class=\"wp-block-column is-layout-flow wp-block-column-is-layout-flow\" style=\"flex-basis:80%\">\n<div class=\"wp-block-columns is-layout-flex wp-container-core-columns-is-layout-28f84493 wp-block-columns-is-layout-flex\">\n<div class=\"wp-block-column is-layout-flow wp-block-column-is-layout-flow\">\n<figure class=\"wp-block-image aligncenter size-full is-resized\"><img loading=\"lazy\" decoding=\"async\" width=\"377\" height=\"370\" src=\"https:\/\/appligoutte.io\/wp-content\/uploads\/2026\/02\/France-2030-1.png\" alt=\"\" class=\"wp-image-1770\" style=\"aspect-ratio:1.0189339255968906;width:76px;height:auto\" srcset=\"https:\/\/appligoutte.io\/wp-content\/uploads\/2026\/02\/France-2030-1.png 377w, https:\/\/appligoutte.io\/wp-content\/uploads\/2026\/02\/France-2030-1-300x294.png 300w\" sizes=\"(max-width: 377px) 100vw, 377px\" \/><\/figure>\n<\/div>\n\n\n\n<div class=\"wp-block-column is-layout-flow wp-block-column-is-layout-flow\">\n<figure class=\"wp-block-image size-large\"><img loading=\"lazy\" decoding=\"async\" width=\"1024\" height=\"234\" src=\"https:\/\/appligoutte.io\/wp-content\/uploads\/2026\/02\/logo-bdt-2-1024x234.png\" alt=\"\" class=\"wp-image-1771\" srcset=\"https:\/\/appligoutte.io\/wp-content\/uploads\/2026\/02\/logo-bdt-2-1024x234.png 1024w, https:\/\/appligoutte.io\/wp-content\/uploads\/2026\/02\/logo-bdt-2-300x68.png 300w, https:\/\/appligoutte.io\/wp-content\/uploads\/2026\/02\/logo-bdt-2-768x175.png 768w, https:\/\/appligoutte.io\/wp-content\/uploads\/2026\/02\/logo-bdt-2.png 1288w\" sizes=\"(max-width: 1024px) 100vw, 1024px\" \/><\/figure>\n<\/div>\n\n\n\n<div class=\"wp-block-column is-layout-flow wp-block-column-is-layout-flow\"><\/div>\n\n\n\n<div class=\"wp-block-column is-layout-flow wp-block-column-is-layout-flow\"><\/div>\n<\/div>\n<\/div>\n\n\n\n<div class=\"wp-block-column is-layout-flow wp-block-column-is-layout-flow\" style=\"flex-basis:10%\"><\/div>\n<\/div>\n\n\n\n<div class=\"wp-block-columns is-layout-flex wp-container-core-columns-is-layout-795689c4 wp-block-columns-is-layout-flex\" style=\"margin-top:var(--wp--preset--spacing--30);margin-bottom:var(--wp--preset--spacing--30)\">\n<div class=\"wp-block-column is-layout-flow wp-block-column-is-layout-flow\" style=\"flex-basis:10%\"><\/div>\n\n\n\n<div class=\"wp-block-column is-layout-flow wp-block-column-is-layout-flow\" style=\"flex-basis:80%\"><\/div>\n\n\n\n<div class=\"wp-block-column is-layout-flow wp-block-column-is-layout-flow\" style=\"flex-basis:10%\"><\/div>\n<\/div>\n<\/div>\n<\/div>\n<\/div>\n<\/div>\n<\/div>\n\t\t\t\t\t\t\t\t<\/div>\n\t\t\t\t<\/div>\n\t\t\t\t\t<\/div>\n\t\t\t\t<\/div>\n\t\t\t\t<\/div>\n\t\t","protected":false},"excerpt":{"rendered":"<p>AppliGoutte est une application d\u00e9velopp\u00e9e par Rheuma Care Apps. Notre mission Avec AppliGoutte, nous souhaitons aider toutes les personnes qui [&hellip;]<\/p>\n","protected":false},"author":1,"featured_media":0,"parent":0,"menu_order":0,"comment_status":"closed","ping_status":"closed","template":"","meta":{"postBodyCss":"","postBodyMargin":[],"postBodyPadding":[],"postBodyBackground":{"backgroundType":"classic","gradient":""},"site-sidebar-layout":"default","site-content-layout":"","ast-site-content-layout":"default","site-content-style":"default","site-sidebar-style":"default","ast-global-header-display":"","ast-banner-title-visibility":"","ast-main-header-display":"","ast-hfb-above-header-display":"","ast-hfb-below-header-display":"","ast-hfb-mobile-header-display":"","site-post-title":"disabled","ast-breadcrumbs-content":"","ast-featured-img":"","footer-sml-layout":"","ast-disable-related-posts":"","theme-transparent-header-meta":"","adv-header-id-meta":"","stick-header-meta":"","header-above-stick-meta":"","header-main-stick-meta":"","header-below-stick-meta":"","astra-migrate-meta-layouts":"default","ast-page-background-enabled":"default","ast-page-background-meta":{"desktop":{"background-color":"var(--ast-global-color-4)","background-image":"","background-repeat":"repeat","background-position":"center center","background-size":"auto","background-attachment":"scroll","background-type":"","background-media":"","overlay-type":"","overlay-color":"","overlay-opacity":"","overlay-gradient":""},"tablet":{"background-color":"","background-image":"","background-repeat":"repeat","background-position":"center center","background-size":"auto","background-attachment":"scroll","background-type":"","background-media":"","overlay-type":"","overlay-color":"","overlay-opacity":"","overlay-gradient":""},"mobile":{"background-color":"","background-image":"","background-repeat":"repeat","background-position":"center center","background-size":"auto","background-attachment":"scroll","background-type":"","background-media":"","overlay-type":"","overlay-color":"","overlay-opacity":"","overlay-gradient":""}},"ast-content-background-meta":{"desktop":{"background-color":"var(--ast-global-color-5)","background-image":"","background-repeat":"repeat","background-position":"center center","background-size":"auto","background-attachment":"scroll","background-type":"","background-media":"","overlay-type":"","overlay-color":"","overlay-opacity":"","overlay-gradient":""},"tablet":{"background-color":"var(--ast-global-color-5)","background-image":"","background-repeat":"repeat","background-position":"center center","background-size":"auto","background-attachment":"scroll","background-type":"","background-media":"","overlay-type":"","overlay-color":"","overlay-opacity":"","overlay-gradient":""},"mobile":{"background-color":"var(--ast-global-color-5)","background-image":"","background-repeat":"repeat","background-position":"center center","background-size":"auto","background-attachment":"scroll","background-type":"","background-media":"","overlay-type":"","overlay-color":"","overlay-opacity":"","overlay-gradient":""}},"footnotes":""},"class_list":["post-113","page","type-page","status-publish","hentry"],"_links":{"self":[{"href":"https:\/\/appligoutte.io\/index.php\/wp-json\/wp\/v2\/pages\/113","targetHints":{"allow":["GET"]}}],"collection":[{"href":"https:\/\/appligoutte.io\/index.php\/wp-json\/wp\/v2\/pages"}],"about":[{"href":"https:\/\/appligoutte.io\/index.php\/wp-json\/wp\/v2\/types\/page"}],"author":[{"embeddable":true,"href":"https:\/\/appligoutte.io\/index.php\/wp-json\/wp\/v2\/users\/1"}],"replies":[{"embeddable":true,"href":"https:\/\/appligoutte.io\/index.php\/wp-json\/wp\/v2\/comments?post=113"}],"version-history":[{"count":12,"href":"https:\/\/appligoutte.io\/index.php\/wp-json\/wp\/v2\/pages\/113\/revisions"}],"predecessor-version":[{"id":2241,"href":"https:\/\/appligoutte.io\/index.php\/wp-json\/wp\/v2\/pages\/113\/revisions\/2241"}],"wp:attachment":[{"href":"https:\/\/appligoutte.io\/index.php\/wp-json\/wp\/v2\/media?parent=113"}],"curies":[{"name":"wp","href":"https:\/\/api.w.org\/{rel}","templated":true}]}}